{"id":449,"date":"2023-01-20T20:29:23","date_gmt":"2023-01-20T20:29:23","guid":{"rendered":"https:\/\/rakaczki.com\/blog\/"},"modified":"2023-03-10T06:18:03","modified_gmt":"2023-03-10T06:18:03","slug":"blog","status":"publish","type":"page","link":"https:\/\/rakaczki.com\/en\/blog\/","title":{"rendered":"Blog"},"content":{"rendered":"\t\t<div data-elementor-type=\"wp-page\" data-elementor-id=\"449\" class=\"elementor elementor-449 elementor-197\" data-elementor-post-type=\"page\">\n\t\t\t\t<div class=\"elementor-element elementor-element-ff6644d e-flex e-con-boxed e-con e-parent\" data-id=\"ff6644d\" data-element_type=\"container\" data-settings=\"{&quot;background_background&quot;:&quot;classic&quot;}\">\n\t\t\t\t\t<div class=\"e-con-inner\">\n\t\t\t\t<div class=\"elementor-element elementor-element-30e84e2 elementor-widget elementor-widget-heading\" data-id=\"30e84e2\" data-element_type=\"widget\" data-widget_type=\"heading.default\">\n\t\t\t\t<div class=\"elementor-widget-container\">\n\t\t\t\t\t<h2 class=\"elementor-heading-title elementor-size-default\">News<\/h2>\t\t\t\t<\/div>\n\t\t\t\t<\/div>\n\t\t\t\t<div class=\"elementor-element elementor-element-4170a14 elementor-widget elementor-widget-text-editor\" data-id=\"4170a14\" data-element_type=\"widget\" data-widget_type=\"text-editor.default\">\n\t\t\t\t<div class=\"elementor-widget-container\">\n\t\t\t\t\t\t\t\t\t<p>Follow us to learn what&#8217;s new in the legal world and learn more about legal protection on our blog.<\/p>\n\t\t\t\t\t\t\t\t<\/div>\n\t\t\t\t<\/div>\n\t\t\t\t\t<\/div>\n\t\t\t\t<\/div>\n\t\t<div class=\"elementor-element elementor-element-ba6cb75 e-flex e-con-boxed e-con e-parent\" data-id=\"ba6cb75\" data-element_type=\"container\" data-settings=\"{&quot;background_background&quot;:&quot;classic&quot;}\">\n\t\t\t\t\t<div class=\"e-con-inner\">\n\t\t\t\t\t<\/div>\n\t\t\t\t<\/div>\n\t\t\t\t<\/div>\n\t\t","protected":false},"excerpt":{"rendered":"<p>News Follow us to learn what&#8217;s new in the legal world and learn more about legal protection on our blog.<\/p>\n","protected":false},"author":2,"featured_media":0,"parent":0,"menu_order":0,"comment_status":"closed","ping_status":"closed","template":"","meta":{"footnotes":""},"class_list":["post-449","page","type-page","status-publish","hentry"],"yoast_head":"<!-- This site is optimized with the Yoast SEO plugin v26.2 - https:\/\/yoast.com\/wordpress\/plugins\/seo\/ -->\n<title>Blog - dr. Rakaczki Tam\u00e1s \u00fcgyv\u00e9di iroda Miskolc<\/title>\n<meta name=\"robots\" content=\"index, follow, max-snippet:-1, max-image-preview:large, max-video-preview:-1\" \/>\n<link rel=\"canonical\" href=\"https:\/\/rakaczki.com\/en\/blog\/\" \/>\n<meta property=\"og:locale\" content=\"en_US\" \/>\n<meta property=\"og:type\" content=\"article\" \/>\n<meta property=\"og:title\" content=\"Blog - dr. Rakaczki Tam\u00e1s \u00fcgyv\u00e9di iroda Miskolc\" \/>\n<meta property=\"og:description\" content=\"News Follow us to learn what&#8217;s new in the legal world and learn more about legal protection on our blog.\" \/>\n<meta property=\"og:url\" content=\"https:\/\/rakaczki.com\/en\/blog\/\" \/>\n<meta property=\"og:site_name\" content=\"dr. Rakaczki Tam\u00e1s \u00fcgyv\u00e9di iroda Miskolc\" \/>\n<meta property=\"article:modified_time\" content=\"2023-03-10T06:18:03+00:00\" \/>\n<meta name=\"twitter:card\" content=\"summary_large_image\" \/>\n<script type=\"application\/ld+json\" class=\"yoast-schema-graph\">{\"@context\":\"https:\/\/schema.org\",\"@graph\":[{\"@type\":\"WebPage\",\"@id\":\"https:\/\/rakaczki.com\/en\/blog\/\",\"url\":\"https:\/\/rakaczki.com\/en\/blog\/\",\"name\":\"Blog - dr. Rakaczki Tam\u00e1s \u00fcgyv\u00e9di iroda Miskolc\",\"isPartOf\":{\"@id\":\"https:\/\/rakaczki.com\/en\/#website\"},\"datePublished\":\"2023-01-20T20:29:23+00:00\",\"dateModified\":\"2023-03-10T06:18:03+00:00\",\"breadcrumb\":{\"@id\":\"https:\/\/rakaczki.com\/en\/blog\/#breadcrumb\"},\"inLanguage\":\"en-US\",\"potentialAction\":[{\"@type\":\"ReadAction\",\"target\":[\"https:\/\/rakaczki.com\/en\/blog\/\"]}]},{\"@type\":\"BreadcrumbList\",\"@id\":\"https:\/\/rakaczki.com\/en\/blog\/#breadcrumb\",\"itemListElement\":[{\"@type\":\"ListItem\",\"position\":1,\"name\":\"Home\",\"item\":\"https:\/\/rakaczki.com\/en\/\"},{\"@type\":\"ListItem\",\"position\":2,\"name\":\"Blog\"}]},{\"@type\":\"WebSite\",\"@id\":\"https:\/\/rakaczki.com\/en\/#website\",\"url\":\"https:\/\/rakaczki.com\/en\/\",\"name\":\"dr. Rakaczki Tam\u00e1s \u00fcgyv\u00e9di iroda Miskolc\",\"description\":\"\u00dcgyv\u00e9di iroda miskolc\",\"potentialAction\":[{\"@type\":\"SearchAction\",\"target\":{\"@type\":\"EntryPoint\",\"urlTemplate\":\"https:\/\/rakaczki.com\/en\/?s={search_term_string}\"},\"query-input\":{\"@type\":\"PropertyValueSpecification\",\"valueRequired\":true,\"valueName\":\"search_term_string\"}}],\"inLanguage\":\"en-US\"}]}<\/script>\n<!-- \/ Yoast SEO plugin. -->","yoast_head_json":{"title":"Blog - dr. Rakaczki Tam\u00e1s \u00fcgyv\u00e9di iroda Miskolc","robots":{"index":"index","follow":"follow","max-snippet":"max-snippet:-1","max-image-preview":"max-image-preview:large","max-video-preview":"max-video-preview:-1"},"canonical":"https:\/\/rakaczki.com\/en\/blog\/","og_locale":"en_US","og_type":"article","og_title":"Blog - dr. Rakaczki Tam\u00e1s \u00fcgyv\u00e9di iroda Miskolc","og_description":"News Follow us to learn what&#8217;s new in the legal world and learn more about legal protection on our blog.","og_url":"https:\/\/rakaczki.com\/en\/blog\/","og_site_name":"dr. Rakaczki Tam\u00e1s \u00fcgyv\u00e9di iroda Miskolc","article_modified_time":"2023-03-10T06:18:03+00:00","twitter_card":"summary_large_image","schema":{"@context":"https:\/\/schema.org","@graph":[{"@type":"WebPage","@id":"https:\/\/rakaczki.com\/en\/blog\/","url":"https:\/\/rakaczki.com\/en\/blog\/","name":"Blog - dr. Rakaczki Tam\u00e1s \u00fcgyv\u00e9di iroda Miskolc","isPartOf":{"@id":"https:\/\/rakaczki.com\/en\/#website"},"datePublished":"2023-01-20T20:29:23+00:00","dateModified":"2023-03-10T06:18:03+00:00","breadcrumb":{"@id":"https:\/\/rakaczki.com\/en\/blog\/#breadcrumb"},"inLanguage":"en-US","potentialAction":[{"@type":"ReadAction","target":["https:\/\/rakaczki.com\/en\/blog\/"]}]},{"@type":"BreadcrumbList","@id":"https:\/\/rakaczki.com\/en\/blog\/#breadcrumb","itemListElement":[{"@type":"ListItem","position":1,"name":"Home","item":"https:\/\/rakaczki.com\/en\/"},{"@type":"ListItem","position":2,"name":"Blog"}]},{"@type":"WebSite","@id":"https:\/\/rakaczki.com\/en\/#website","url":"https:\/\/rakaczki.com\/en\/","name":"dr. Rakaczki Tam\u00e1s \u00fcgyv\u00e9di iroda Miskolc","description":"\u00dcgyv\u00e9di iroda miskolc","potentialAction":[{"@type":"SearchAction","target":{"@type":"EntryPoint","urlTemplate":"https:\/\/rakaczki.com\/en\/?s={search_term_string}"},"query-input":{"@type":"PropertyValueSpecification","valueRequired":true,"valueName":"search_term_string"}}],"inLanguage":"en-US"}]}},"_links":{"self":[{"href":"https:\/\/rakaczki.com\/en\/wp-json\/wp\/v2\/pages\/449","targetHints":{"allow":["GET"]}}],"collection":[{"href":"https:\/\/rakaczki.com\/en\/wp-json\/wp\/v2\/pages"}],"about":[{"href":"https:\/\/rakaczki.com\/en\/wp-json\/wp\/v2\/types\/page"}],"author":[{"embeddable":true,"href":"https:\/\/rakaczki.com\/en\/wp-json\/wp\/v2\/users\/2"}],"replies":[{"embeddable":true,"href":"https:\/\/rakaczki.com\/en\/wp-json\/wp\/v2\/comments?post=449"}],"version-history":[{"count":1,"href":"https:\/\/rakaczki.com\/en\/wp-json\/wp\/v2\/pages\/449\/revisions"}],"predecessor-version":[{"id":450,"href":"https:\/\/rakaczki.com\/en\/wp-json\/wp\/v2\/pages\/449\/revisions\/450"}],"wp:attachment":[{"href":"https:\/\/rakaczki.com\/en\/wp-json\/wp\/v2\/media?parent=449"}],"curies":[{"name":"wp","href":"https:\/\/api.w.org\/{rel}","templated":true}]}}