{"id":451,"date":"2023-01-20T20:29:23","date_gmt":"2023-01-20T20:29:23","guid":{"rendered":"https:\/\/rakaczki.com\/blog\/"},"modified":"2023-03-10T10:47:19","modified_gmt":"2023-03-10T10:47:19","slug":"blog","status":"publish","type":"page","link":"https:\/\/rakaczki.com\/de\/blog\/","title":{"rendered":"Blog"},"content":{"rendered":"\t\t<div data-elementor-type=\"wp-page\" data-elementor-id=\"451\" class=\"elementor elementor-451 elementor-197\" data-elementor-post-type=\"page\">\n\t\t\t\t<div class=\"elementor-element elementor-element-ff6644d e-flex e-con-boxed e-con e-parent\" data-id=\"ff6644d\" data-element_type=\"container\" data-settings=\"{&quot;background_background&quot;:&quot;classic&quot;}\">\n\t\t\t\t\t<div class=\"e-con-inner\">\n\t\t\t\t<div class=\"elementor-element elementor-element-30e84e2 elementor-widget elementor-widget-heading\" data-id=\"30e84e2\" data-element_type=\"widget\" data-widget_type=\"heading.default\">\n\t\t\t\t<div class=\"elementor-widget-container\">\n\t\t\t\t\t<h2 class=\"elementor-heading-title elementor-size-default\">Nachrichten und n\u00fctzliche Materialien<\/h2>\t\t\t\t<\/div>\n\t\t\t\t<\/div>\n\t\t\t\t<div class=\"elementor-element elementor-element-4170a14 elementor-widget elementor-widget-text-editor\" data-id=\"4170a14\" data-element_type=\"widget\" data-widget_type=\"text-editor.default\">\n\t\t\t\t<div class=\"elementor-widget-container\">\n\t\t\t\t\t\t\t\t\t<p>Verfolgen Sie die aktuellen Nachrichten aus der Welt des Rechts und erfahren Sie mehr \u00fcber Rechtsschutz in unserem Blog.<\/p>\n\t\t\t\t\t\t\t\t<\/div>\n\t\t\t\t<\/div>\n\t\t\t\t\t<\/div>\n\t\t\t\t<\/div>\n\t\t<div class=\"elementor-element elementor-element-ba6cb75 e-flex e-con-boxed e-con e-parent\" data-id=\"ba6cb75\" data-element_type=\"container\" data-settings=\"{&quot;background_background&quot;:&quot;classic&quot;}\">\n\t\t\t\t\t<div class=\"e-con-inner\">\n\t\t\t\t\t<\/div>\n\t\t\t\t<\/div>\n\t\t\t\t<\/div>\n\t\t","protected":false},"excerpt":{"rendered":"<p>Nachrichten und n\u00fctzliche Materialien Verfolgen Sie die aktuellen Nachrichten aus der Welt des Rechts und erfahren Sie mehr \u00fcber Rechtsschutz in unserem Blog.<\/p>\n","protected":false},"author":2,"featured_media":0,"parent":0,"menu_order":0,"comment_status":"closed","ping_status":"closed","template":"","meta":{"footnotes":""},"class_list":["post-451","page","type-page","status-publish","hentry"],"yoast_head":"<!-- This site is optimized with the Yoast SEO plugin v26.2 - https:\/\/yoast.com\/wordpress\/plugins\/seo\/ -->\n<title>Blog - dr. Rakaczki Tam\u00e1s \u00fcgyv\u00e9di iroda Miskolc<\/title>\n<meta name=\"robots\" content=\"index, follow, max-snippet:-1, max-image-preview:large, max-video-preview:-1\" \/>\n<link rel=\"canonical\" href=\"https:\/\/rakaczki.com\/de\/blog\/\" \/>\n<meta property=\"og:locale\" content=\"de_DE\" \/>\n<meta property=\"og:type\" content=\"article\" \/>\n<meta property=\"og:title\" content=\"Blog - dr. Rakaczki Tam\u00e1s \u00fcgyv\u00e9di iroda Miskolc\" \/>\n<meta property=\"og:description\" content=\"Nachrichten und n\u00fctzliche Materialien Verfolgen Sie die aktuellen Nachrichten aus der Welt des Rechts und erfahren Sie mehr \u00fcber Rechtsschutz in unserem Blog.\" \/>\n<meta property=\"og:url\" content=\"https:\/\/rakaczki.com\/de\/blog\/\" \/>\n<meta property=\"og:site_name\" content=\"dr. Rakaczki Tam\u00e1s \u00fcgyv\u00e9di iroda Miskolc\" \/>\n<meta property=\"article:modified_time\" content=\"2023-03-10T10:47:19+00:00\" \/>\n<meta name=\"twitter:card\" content=\"summary_large_image\" \/>\n<meta name=\"twitter:label1\" content=\"Gesch\u00e4tzte Lesezeit\" \/>\n\t<meta name=\"twitter:data1\" content=\"1\u00a0Minute\" \/>\n<script type=\"application\/ld+json\" class=\"yoast-schema-graph\">{\"@context\":\"https:\/\/schema.org\",\"@graph\":[{\"@type\":\"WebPage\",\"@id\":\"https:\/\/rakaczki.com\/de\/blog\/\",\"url\":\"https:\/\/rakaczki.com\/de\/blog\/\",\"name\":\"Blog - dr. Rakaczki Tam\u00e1s \u00fcgyv\u00e9di iroda Miskolc\",\"isPartOf\":{\"@id\":\"https:\/\/rakaczki.com\/de\/#website\"},\"datePublished\":\"2023-01-20T20:29:23+00:00\",\"dateModified\":\"2023-03-10T10:47:19+00:00\",\"breadcrumb\":{\"@id\":\"https:\/\/rakaczki.com\/de\/blog\/#breadcrumb\"},\"inLanguage\":\"de\",\"potentialAction\":[{\"@type\":\"ReadAction\",\"target\":[\"https:\/\/rakaczki.com\/de\/blog\/\"]}]},{\"@type\":\"BreadcrumbList\",\"@id\":\"https:\/\/rakaczki.com\/de\/blog\/#breadcrumb\",\"itemListElement\":[{\"@type\":\"ListItem\",\"position\":1,\"name\":\"Home\",\"item\":\"https:\/\/rakaczki.com\/de\/\"},{\"@type\":\"ListItem\",\"position\":2,\"name\":\"Blog\"}]},{\"@type\":\"WebSite\",\"@id\":\"https:\/\/rakaczki.com\/de\/#website\",\"url\":\"https:\/\/rakaczki.com\/de\/\",\"name\":\"dr. Rakaczki Tam\u00e1s \u00fcgyv\u00e9di iroda Miskolc\",\"description\":\"\u00dcgyv\u00e9di iroda miskolc\",\"potentialAction\":[{\"@type\":\"SearchAction\",\"target\":{\"@type\":\"EntryPoint\",\"urlTemplate\":\"https:\/\/rakaczki.com\/de\/?s={search_term_string}\"},\"query-input\":{\"@type\":\"PropertyValueSpecification\",\"valueRequired\":true,\"valueName\":\"search_term_string\"}}],\"inLanguage\":\"de\"}]}<\/script>\n<!-- \/ Yoast SEO plugin. -->","yoast_head_json":{"title":"Blog - dr. Rakaczki Tam\u00e1s \u00fcgyv\u00e9di iroda Miskolc","robots":{"index":"index","follow":"follow","max-snippet":"max-snippet:-1","max-image-preview":"max-image-preview:large","max-video-preview":"max-video-preview:-1"},"canonical":"https:\/\/rakaczki.com\/de\/blog\/","og_locale":"de_DE","og_type":"article","og_title":"Blog - dr. Rakaczki Tam\u00e1s \u00fcgyv\u00e9di iroda Miskolc","og_description":"Nachrichten und n\u00fctzliche Materialien Verfolgen Sie die aktuellen Nachrichten aus der Welt des Rechts und erfahren Sie mehr \u00fcber Rechtsschutz in unserem Blog.","og_url":"https:\/\/rakaczki.com\/de\/blog\/","og_site_name":"dr. Rakaczki Tam\u00e1s \u00fcgyv\u00e9di iroda Miskolc","article_modified_time":"2023-03-10T10:47:19+00:00","twitter_card":"summary_large_image","twitter_misc":{"Gesch\u00e4tzte Lesezeit":"1\u00a0Minute"},"schema":{"@context":"https:\/\/schema.org","@graph":[{"@type":"WebPage","@id":"https:\/\/rakaczki.com\/de\/blog\/","url":"https:\/\/rakaczki.com\/de\/blog\/","name":"Blog - dr. Rakaczki Tam\u00e1s \u00fcgyv\u00e9di iroda Miskolc","isPartOf":{"@id":"https:\/\/rakaczki.com\/de\/#website"},"datePublished":"2023-01-20T20:29:23+00:00","dateModified":"2023-03-10T10:47:19+00:00","breadcrumb":{"@id":"https:\/\/rakaczki.com\/de\/blog\/#breadcrumb"},"inLanguage":"de","potentialAction":[{"@type":"ReadAction","target":["https:\/\/rakaczki.com\/de\/blog\/"]}]},{"@type":"BreadcrumbList","@id":"https:\/\/rakaczki.com\/de\/blog\/#breadcrumb","itemListElement":[{"@type":"ListItem","position":1,"name":"Home","item":"https:\/\/rakaczki.com\/de\/"},{"@type":"ListItem","position":2,"name":"Blog"}]},{"@type":"WebSite","@id":"https:\/\/rakaczki.com\/de\/#website","url":"https:\/\/rakaczki.com\/de\/","name":"dr. Rakaczki Tam\u00e1s \u00fcgyv\u00e9di iroda Miskolc","description":"\u00dcgyv\u00e9di iroda miskolc","potentialAction":[{"@type":"SearchAction","target":{"@type":"EntryPoint","urlTemplate":"https:\/\/rakaczki.com\/de\/?s={search_term_string}"},"query-input":{"@type":"PropertyValueSpecification","valueRequired":true,"valueName":"search_term_string"}}],"inLanguage":"de"}]}},"_links":{"self":[{"href":"https:\/\/rakaczki.com\/de\/wp-json\/wp\/v2\/pages\/451","targetHints":{"allow":["GET"]}}],"collection":[{"href":"https:\/\/rakaczki.com\/de\/wp-json\/wp\/v2\/pages"}],"about":[{"href":"https:\/\/rakaczki.com\/de\/wp-json\/wp\/v2\/types\/page"}],"author":[{"embeddable":true,"href":"https:\/\/rakaczki.com\/de\/wp-json\/wp\/v2\/users\/2"}],"replies":[{"embeddable":true,"href":"https:\/\/rakaczki.com\/de\/wp-json\/wp\/v2\/comments?post=451"}],"version-history":[{"count":6,"href":"https:\/\/rakaczki.com\/de\/wp-json\/wp\/v2\/pages\/451\/revisions"}],"predecessor-version":[{"id":482,"href":"https:\/\/rakaczki.com\/de\/wp-json\/wp\/v2\/pages\/451\/revisions\/482"}],"wp:attachment":[{"href":"https:\/\/rakaczki.com\/de\/wp-json\/wp\/v2\/media?parent=451"}],"curies":[{"name":"wp","href":"https:\/\/api.w.org\/{rel}","templated":true}]}}